{"id":16609,"date":"2019-07-20T17:52:30","date_gmt":"2019-07-20T17:52:30","guid":{"rendered":"https:\/\/elisabethkastanakis.com\/?page_id=16609"},"modified":"2025-11-02T19:36:48","modified_gmt":"2025-11-02T19:36:48","slug":"tantrisches-netzwerk","status":"publish","type":"page","link":"https:\/\/elisabethkastanakis.com\/?page_id=16609&lang=de","title":{"rendered":"Unsere bl\u00fchende Tantrische Familie"},"content":{"rendered":"<div class=\"fusion-fullwidth fullwidth-box fusion-builder-row-1 hundred-percent-fullwidth non-hundred-percent-height-scrolling\" style=\"background-color: rgba(255,255,255,0);background-position: center center;background-repeat: no-repeat;padding-top:0px;padding-right:0px;padding-bottom:0px;padding-left:0px;margin-bottom: 10px;margin-top: 10px;border-width: 0px 0px 0px 0px;border-color:#3e3e3e;border-style:solid;\" ><div class=\"fusion-builder-row fusion-row\"><div class=\"fusion-layout-column fusion_builder_column fusion-builder-column-0 fusion_builder_column_1_1 1_1 fusion-one-full fusion-column-first fusion-column-last fusion-column-no-min-height\" style=\"margin-top:0px;margin-bottom:0px;\"><div class=\"fusion-column-wrapper fusion-flex-column-wrapper-legacy\" style=\"background-position:left top;background-repeat:no-repeat;-webkit-background-size:cover;-moz-background-size:cover;-o-background-size:cover;background-size:cover;padding: 0px 0px 0px 0px;\"><div class=\"fusion-sep-clear\"><\/div><div class=\"fusion-separator fusion-full-width-sep\" style=\"margin-left: auto;margin-right: auto;width:100%;\"><\/div><div class=\"fusion-sep-clear\"><\/div><div class=\"fusion-text fusion-text-1\" style=\"transform:translate3d(0,0,0);\"><p><img decoding=\"async\" class=\"aligncenter wp-image-16610 size-full\" src=\"https:\/\/elisabethkastanakis.com\/wp-content\/uploads\/2019\/07\/67165346_382938095685485_7934200692011433984_n.jpg\" alt=\"\" width=\"697\" height=\"826\" srcset=\"https:\/\/elisabethkastanakis.com\/wp-content\/uploads\/2019\/07\/67165346_382938095685485_7934200692011433984_n-200x237.jpg 200w, https:\/\/elisabethkastanakis.com\/wp-content\/uploads\/2019\/07\/67165346_382938095685485_7934200692011433984_n-253x300.jpg 253w, https:\/\/elisabethkastanakis.com\/wp-content\/uploads\/2019\/07\/67165346_382938095685485_7934200692011433984_n-400x474.jpg 400w, https:\/\/elisabethkastanakis.com\/wp-content\/uploads\/2019\/07\/67165346_382938095685485_7934200692011433984_n-600x711.jpg 600w, https:\/\/elisabethkastanakis.com\/wp-content\/uploads\/2019\/07\/67165346_382938095685485_7934200692011433984_n.jpg 697w\" sizes=\"(max-width: 697px) 100vw, 697px\" \/><\/p>\n<p><span style=\"font-size: 16px;\">Nach der Teilnahme an einem meiner Seminare hast Du die M\u00f6glichkeit, unserer <strong>TANTRISCHEN FAMILIE<\/strong> (KAULA) beizutreten. Ich habe diese Gemeinschaft gegr\u00fcndet, damit ich den Menschen, die mir ihr Vertrauen schenken und meine Seminare besuchen, auch im Alltagsleben <strong>kostenlos<\/strong> zur Seite stehen, ihre Fragen zu ihrer Tantrischen Praxis pers\u00f6nlich beantworten und sie als erstes \u00fcber meine neuesten Aktivit\u00e4ten informieren kann, sodass sie einen gesicherten Platz in meinen Events bekommen k\u00f6nnen.\u00a0<\/span><\/p>\n<p>Auch kannst Du nach Besuch eines meiner Retreats Mitglied<span style=\"font-size: 16px;\"> meiner geschlossenen<strong>\u00a0MAITHUNA-GRUPPE <\/strong>werden, in der wir das h\u00f6chste, heiligste und begl\u00fcckendste Tantrische Ritual wiederbeleben, kultivieren und gemeinsam praktizieren: <strong>MAITHUNA, die rituelle sexuelle Vereinigung von Shiva und Shakti, das heiligste und geheimste Ritual des gesamten Tantrismus und der Inbegriff der Tantrischen Mystik. <\/strong><\/span><\/p>\n<p>Diese Familie hat f\u00fcr diejenigen Mitglieder, deren Feuer f\u00fcr die Tantrische Idee entz\u00fcndet ist und die sich berufen f\u00fchlen, noch einen weiteren Sinn: wir wollen gemeinsam etwas BEWEGEN &#8211; in uns und um uns&#8230; Das geht aber nur, wenn WIR uns bewegen, uns die H\u00e4nde reichen und aktiv werden, gemeinsam &#8211; nicht einsam &#8211; eine BEWEGUNG schaffen&#8230; Auch Du kannst dazu mit Deinen Talenten kreativ beitragen, unter anderem auch, indem du als AssistentIn in einem meiner Seminare wertvolle praktische Erfahrungen sammelst.<\/p>\n<p>Lasst uns also mit\u00a0 unserer Kaula (Familie)\u00a0 mehr Liebe, Ber\u00fchrung, Mitgef\u00fchl, Tantrische Weisheit und Frieden in diese Welt, die sich so sehr danach sehnt, bringen &#8230;<\/p>\n<\/div><div class=\"fusion-clearfix\"><\/div><\/div><\/div><\/div><style type=\"text\/css\">.fusion-fullwidth.fusion-builder-row-1 { overflow:visible; }<\/style><\/div>\n","protected":false},"excerpt":{"rendered":"","protected":false},"author":4,"featured_media":0,"parent":0,"menu_order":0,"comment_status":"closed","ping_status":"closed","template":"","meta":{"footnotes":""},"class_list":["post-16609","page","type-page","status-publish","hentry"],"_links":{"self":[{"href":"https:\/\/elisabethkastanakis.com\/index.php?rest_route=\/wp\/v2\/pages\/16609","targetHints":{"allow":["GET"]}}],"collection":[{"href":"https:\/\/elisabethkastanakis.com\/index.php?rest_route=\/wp\/v2\/pages"}],"about":[{"href":"https:\/\/elisabethkastanakis.com\/index.php?rest_route=\/wp\/v2\/types\/page"}],"author":[{"embeddable":true,"href":"https:\/\/elisabethkastanakis.com\/index.php?rest_route=\/wp\/v2\/users\/4"}],"replies":[{"embeddable":true,"href":"https:\/\/elisabethkastanakis.com\/index.php?rest_route=%2Fwp%2Fv2%2Fcomments&post=16609"}],"version-history":[{"count":12,"href":"https:\/\/elisabethkastanakis.com\/index.php?rest_route=\/wp\/v2\/pages\/16609\/revisions"}],"predecessor-version":[{"id":19243,"href":"https:\/\/elisabethkastanakis.com\/index.php?rest_route=\/wp\/v2\/pages\/16609\/revisions\/19243"}],"wp:attachment":[{"href":"https:\/\/elisabethkastanakis.com\/index.php?rest_route=%2Fwp%2Fv2%2Fmedia&parent=16609"}],"curies":[{"name":"wp","href":"https:\/\/api.w.org\/{rel}","templated":true}]}}