{"id":16462,"date":"2019-06-29T09:59:56","date_gmt":"2019-06-29T09:59:56","guid":{"rendered":"https:\/\/elisabethkastanakis.com\/?page_id=16462"},"modified":"2024-04-30T07:22:44","modified_gmt":"2024-04-30T07:22:44","slug":"sexual-magie","status":"publish","type":"page","link":"https:\/\/elisabethkastanakis.com\/?page_id=16462&lang=de","title":{"rendered":"\u00c4gyptischer Tantrismus &#8211; Sexual Magie der Isis"},"content":{"rendered":"<p><div class=\"fusion-fullwidth fullwidth-box fusion-builder-row-1 hundred-percent-fullwidth non-hundred-percent-height-scrolling\" style=\"background-color: rgba(255,255,255,0);background-position: center center;background-repeat: no-repeat;padding-top:0px;padding-right:0px;padding-bottom:0px;padding-left:0px;margin-bottom: 10px;margin-top: 10px;border-width: 0px 0px 0px 0px;border-color:#3e3e3e;border-style:solid;\" ><div class=\"fusion-builder-row fusion-row\"><div class=\"fusion-layout-column fusion_builder_column fusion-builder-column-0 fusion_builder_column_1_1 1_1 fusion-one-full fusion-column-first fusion-column-last fusion-column-no-min-height\" style=\"margin-top:0px;margin-bottom:0px;\"><div class=\"fusion-column-wrapper fusion-flex-column-wrapper-legacy\" style=\"background-position:left top;background-repeat:no-repeat;-webkit-background-size:cover;-moz-background-size:cover;-o-background-size:cover;background-size:cover;padding: 0px 0px 0px 0px;\"><div class=\"fusion-sep-clear\"><\/div><div class=\"fusion-separator fusion-full-width-sep\" style=\"margin-left: auto;margin-right: auto;width:100%;\"><\/div><div class=\"fusion-sep-clear\"><\/div><div class=\"fusion-clearfix\"><\/div><\/div><\/div><\/div><style type=\"text\/css\">.fusion-fullwidth.fusion-builder-row-1 { overflow:visible; }<\/style><\/div><div class=\"fusion-fullwidth fullwidth-box fusion-builder-row-2 hundred-percent-fullwidth non-hundred-percent-height-scrolling\" style=\"background-color: rgba(36,36,36,0);background-position: center center;background-repeat: no-repeat;padding-top:0px;padding-right:0px;padding-bottom:0px;padding-left:0px;margin-bottom: 0px;margin-top: 0px;border-width: 0px 0px 0px 0px;border-color:#3e3e3e;border-style:solid;\" ><div class=\"fusion-builder-row fusion-row\"><div class=\"fusion-layout-column fusion_builder_column fusion-builder-column-1 fusion_builder_column_1_1 1_1 fusion-one-full fusion-column-first fusion-column-last fusion-column-no-min-height\" style=\"margin-top:0px;margin-bottom:0px;\"><div class=\"fusion-column-wrapper fusion-flex-column-wrapper-legacy\" style=\"background-position:left top;background-repeat:no-repeat;-webkit-background-size:cover;-moz-background-size:cover;-o-background-size:cover;background-size:cover;padding: 0px 0px 0px 0px;\"><div class=\"fusion-text fusion-text-1\" style=\"transform:translate3d(0,0,0);\"><div class=\"post-content\">\n<p><img decoding=\"async\" class=\"aligncenter wp-image-16570 size-full\" src=\"https:\/\/elisabethkastanakis.com\/wp-content\/uploads\/2019\/07\/67183544_702330160214916_1085632921995313152_n.jpg\" alt=\"\" width=\"960\" height=\"720\" srcset=\"https:\/\/elisabethkastanakis.com\/wp-content\/uploads\/2019\/07\/67183544_702330160214916_1085632921995313152_n-200x150.jpg 200w, https:\/\/elisabethkastanakis.com\/wp-content\/uploads\/2019\/07\/67183544_702330160214916_1085632921995313152_n-300x225.jpg 300w, https:\/\/elisabethkastanakis.com\/wp-content\/uploads\/2019\/07\/67183544_702330160214916_1085632921995313152_n-400x300.jpg 400w, https:\/\/elisabethkastanakis.com\/wp-content\/uploads\/2019\/07\/67183544_702330160214916_1085632921995313152_n-600x450.jpg 600w, https:\/\/elisabethkastanakis.com\/wp-content\/uploads\/2019\/07\/67183544_702330160214916_1085632921995313152_n-768x576.jpg 768w, https:\/\/elisabethkastanakis.com\/wp-content\/uploads\/2019\/07\/67183544_702330160214916_1085632921995313152_n-800x600.jpg 800w, https:\/\/elisabethkastanakis.com\/wp-content\/uploads\/2019\/07\/67183544_702330160214916_1085632921995313152_n.jpg 960w\" sizes=\"(max-width: 960px) 100vw, 960px\" \/><\/p>\n<h3><strong>DIE SEXUALMAGIE DES \u00c4GYPTISCHEN TANTRISMUS<\/strong><\/h3>\n<p>Der \u00c4gyptische Tantrismus ist der geheimste aller Tantrischen Traditionen. Seine \u00dcberlieferungen sind bis jetzt kaum an die \u00d6ffentlichkeit gedrungen.<br \/>\nEr entstammt dem Hermetismus und dem Isiskult, der in der Antike nicht nur in \u00c4gypten, sondern im gesamten Mittelmeerraum verbreitet war.<\/p>\n<p><span data-offset-key=\"c9fo7-0-0\">Die Mystiker der antiken Traditionen, wie zum Beispiel die \u00e4gyptischen Alchemisten, die griechischen Hermetiker und die \u00f6stlichen Tantrika, waren Meister in der Kunst, die kosmischen Energien und die m\u00e4chtigen metaphysischen Kr\u00e4fte, die jedem von uns innewohnen, zu aktivieren und damit das WUNDER in ihr Leben einzuladen&#8230;\u00a0<\/span><\/p>\n<div class=\"text_exposed_show\">\n<p>Einer der faszinierenden Aspekte dieses mystischen Pfades ist die Tatsache, dass\u00a0 Frauen einen alchemistischen Schl\u00fcssel in sich tragen, der bei gekonnter Aktivierung durch den Geliebten w\u00e4hrend einer HEILIGEN VEREINIGUNG die Tore zu einer nie gekannten Bewusstseinserweiterung und Ekstase \u00f6ffnen kann.<\/p>\n<p>Dadurch k\u00f6nnen sich die weiblichen Sch\u00f6pfungsmysterien auftun.Wenn die Liebenden dann gelernt haben, ihre Energie-K\u00f6rper innig verschmelzen zu lassen, kann ein strahlender Magnetismus entstehen, der alles, was wir uns von Herzen w\u00fcnschen, in unser Leben ziehen und unsere Realit\u00e4t beeinflussen kann.<\/p>\n<p>Diese atemberaubenden Vorg\u00e4nge k\u00f6nnen aber nur auf dem Urgrund tiefen VERTRAUENS, echter WERTSCH\u00c4TZUNG und LIEBE stattfinden. Ohne sie sind alle Praktiken nur Techniken, die ausser zu einer kurzen Befriedigung, zu keiner zauberhaften und begl\u00fcckenden Transformation f\u00fchren werden.<\/p>\n<p>W\u00e4hrend dieses Seminars werden wir tiefe Einblicke in diese Geheimlehre bekommen, die aus normalem Sex einen HINREISSENDEN SCH\u00d6PFUNGSAKT machen kann, der unsere ganze Existenz transformiert und formt und unsere Liebesbeziehungen verwandelt.<\/p>\n<p><span data-offset-key=\"c9fo7-0-0\">Wir werden in diesem Seminar auch die Meisterschaft in der <strong>TANTRISCHEN BER\u00dcHRUNG<\/strong> auf die heiligen Zonen des INTIMBEREICHS ausweiten und damit einen ALCHEMISTISCHEN SCHL\u00dcSSEL zu einem zauberhaften K\u00d6RPERGL\u00dcCK und einer tiefen, anhaltenden SEELENFREUDE, die dem s\u00fcssen Nektar g\u00f6ttlicher Ekstase entspringt, behutsam in Deine Hand legen.<\/span><\/p>\n<h3><strong><span class=\"Apple-converted-space\">DIE NEUE ROLLE DES G\u00d6TTLICHEN MASKULINEN IM WECHSEL DER ZEITALTER<\/span><\/strong><\/h3>\n<p>In meinen Seminaren und Retreats erfahren M\u00e4nner ihre volle VERTIKALIT\u00c4T und MASKULINIT\u00c4T auch auf eine eher unkonventionelle Weise: indem sie die Wichtigkeit ihrer Rolle als<span class=\"Apple-converted-space\">\u00a0 <\/span>Protektor und F\u00f6rderer der Talente und Qualit\u00e4ten ihrer geliebten Frauen erkennen, sie unterst\u00fctzen, Ihre Botschaft zu verbreiten, und sie den Glanz ihres Lichts und die F\u00fclle ihrer Seele und ihrer Gaben leben lassen.<\/p>\n<p>Einer meiner Seminarteilnehmer hat dies einmal so wundervoll ausgedr\u00fcckt: DER MANN IST DIE FEUERSCHALE, IN DER DAS WEIBLICHE FEUER LODERN KANN\u2026<\/p>\n<p>Im Grunde gilt dies ja auch f\u00fcr die tantrische Sexualit\u00e4t: Shiva, die Verk\u00f6rperung des reinen Bewusstseins, erwartet gelassen und pr\u00e4sent seine Shakti, die universelle Energie, auf dass sie sich auf ihn niederlassen und in Yab-Yum mit ihm EINS werden m\u00f6ge\u2026<\/p>\n<p>In einer liebevollen tantrischen Beziehung ehrt und w\u00fcrdigt der Mann die G\u00d6TTIN, in die seine Geliebte inkarniert ist und die sich durch sie ausdr\u00fcckt.<span class=\"Apple-converted-space\">\u00a0<\/span><\/p>\n<p>Viele M\u00e4nner in unserer, durch das Patriarchat noch immer dominierten Gesellschaft, versuchen, Frauen aufgrund ihres eigenen Gef\u00fchls der Unw\u00fcrdigkeit , Unsicherheit und des Gedankens des NICHT GENUG SEINS, kleiner zu machen und sie zu begrenzen.<span class=\"Apple-converted-space\">\u00a0<\/span><\/p>\n<p>Sie f\u00fchlen sich durch die Entfaltung ihrer ganzen weiblichen Pracht bedroht, da sie ihr eigenes Potential und ihr eigenes brilliantes Licht noch nicht erkannt haben.<\/p>\n<p>Auch in der Spiri-Szene sind viele M\u00e4nner auf zu heftigem Selbsterfahrungs-Trip und sie vergessen dabei v\u00f6llig, dass die wahre Herausforderung darin liegt, aus der Polarit\u00e4t in die EINHEIT zu gelangen\u2026 und das gelingt halt in unserem Zeitalter nur, wenn wir die G\u00d6TTIN in und um uns wieder AUFERSTEHEN lassen<span class=\"Apple-converted-space\">\u00a0<\/span><\/p>\n<p>Je mehr ein Mann seine geliebte Frau unterst\u00fctzt, in ihre Wahrheit einzutreten, desto mehr wird auch er seine Wahrheit leben und desto mehr wird auch er emporgehoben &#8230;<span class=\"Apple-converted-space\">\u00a0<\/span><\/p>\n<p>Durch die Wertsch\u00e4tzung, die M\u00e4nner uns<span class=\"Apple-converted-space\">\u00a0 <\/span>Frauen entgegenbringen, wenn wir unsere Wahrheit in jeder Form authentisch leben, entfalten und vervollkommnen wir unsere weibliche Kraft und n\u00e4hren damit auch unsere M\u00e4nner, genauer gesagt, ihre Anima, die G\u00d6TTIN in ihm.<\/p>\n<p>Wie hei\u00dft es so faszinierend im MANUSKRIPT DER MAGDALENA: \u201eDer Mann kommt zum Brunnen der Frau um sich an ihm zu laben\u2026\u201c<\/p>\n<p>In diesem Wechselspiel vom g\u00f6ttlichen Femininen und Maskulinen gelangt der Mann in seine volle Majest\u00e4t, in den h\u00f6chsten Ausdruck seines m\u00e4nnlichen K\u00f6nigtums.<\/p>\n<p>M\u00f6ge der harmonische Tanz der Polarit\u00e4ten, das KINGDOM &amp; QUEENDOM of HEALING, beginnen &#x1f64f;&#x1f3fc;&#x2665;&#xfe0f;&#x1f64f;&#x1f3fc;<\/p>\n<\/div>\n<div class=\"text_exposed_show\">\n<div class=\"\" data-block=\"true\" data-editor=\"7n2ac\" data-offset-key=\"4onr6-0-0\">\n<div class=\"_1mf _1mj\" data-offset-key=\"4onr6-0-0\">\n<div class=\"\" data-block=\"true\" data-editor=\"8vpk5\" data-offset-key=\"23l57-0-0\">\n<div class=\"_1mf _1mj\" data-offset-key=\"23l57-0-0\">\n<div class=\"\" data-block=\"true\" data-editor=\"brvek\" data-offset-key=\"2gajs-0-0\"><\/div>\n<\/div>\n<\/div>\n<\/div>\n<\/div>\n<\/div>\n<\/div>\n<div data-block=\"true\" data-editor=\"brvek\" data-offset-key=\"2gajs-0-0\"><\/div>\n<div data-block=\"true\" data-editor=\"brvek\" data-offset-key=\"2gajs-0-0\"><\/div>\n<div data-block=\"true\" data-editor=\"brvek\" data-offset-key=\"2gajs-0-0\"><\/div>\n<div data-block=\"true\" data-editor=\"brvek\" data-offset-key=\"2gajs-0-0\"><\/div>\n<div data-block=\"true\" data-editor=\"brvek\" data-offset-key=\"2gajs-0-0\"><\/div>\n<div data-block=\"true\" data-editor=\"brvek\" data-offset-key=\"2gajs-0-0\"><\/div>\n<div data-block=\"true\" data-editor=\"brvek\" data-offset-key=\"2gajs-0-0\"><\/div>\n<div data-block=\"true\" data-editor=\"brvek\" data-offset-key=\"2gajs-0-0\"><\/div>\n<div data-block=\"true\" data-editor=\"brvek\" data-offset-key=\"2gajs-0-0\"><\/div>\n<div data-block=\"true\" data-editor=\"brvek\" data-offset-key=\"2gajs-0-0\"><\/div>\n<div data-block=\"true\" data-editor=\"brvek\" data-offset-key=\"2gajs-0-0\"><\/div>\n<div data-block=\"true\" data-editor=\"brvek\" data-offset-key=\"2gajs-0-0\"><\/div>\n<div class=\"post-content\">\n<div class=\"text_exposed_show\">\n<h5 class=\"_1mf _1mj\" data-offset-key=\"23l57-0-0\"><\/h5>\n<div class=\"\" data-block=\"true\" data-editor=\"7n2ac\" data-offset-key=\"4onr6-0-0\">\n<div class=\"_1mf _1mj\" data-offset-key=\"4onr6-0-0\">\n<div class=\"\" data-block=\"true\" data-editor=\"8vpk5\" data-offset-key=\"c9fo7-0-0\">\n<p class=\"_1mf _1mj\" data-offset-key=\"c9fo7-0-0\"><span data-offset-key=\"c9fo7-0-0\">\u00a0<\/span><\/p>\n<div class=\"_1mf _1mj\" data-offset-key=\"c9fo7-0-0\"><\/div>\n<div class=\"_1mf _1mj\" data-offset-key=\"c9fo7-0-0\">\n<p><span data-offset-key=\"c9fo7-0-0\">\u00a0<\/span><\/p>\n<\/div>\n<\/div>\n<\/div>\n<\/div>\n<\/div>\n<\/div>\n<\/div><div class=\"fusion-video fusion-youtube fusion-aligncenter\" style=\"max-width:600px;max-height:360px; width:100%\"><div class=\"video-shortcode\"><iframe title=\"YouTube video player\" src=\"https:\/\/www.youtube.com\/embed\/29Qd7W_r1PI?wmode=transparent&autoplay=0\" width=\"600\" height=\"360\" allowfullscreen allow=\"autoplay; fullscreen\"><\/iframe><\/div><\/div><div class=\"fusion-sep-clear\"><\/div><div class=\"fusion-separator fusion-full-width-sep\" style=\"margin-left: auto;margin-right: auto;margin-top:15px;width:100%;\"><div class=\"fusion-separator-border sep-double sep-solid\" style=\"border-color:#3e3e3e;border-top-width:1px;border-bottom-width:1px;\"><\/div><\/div><div class=\"fusion-sep-clear\"><\/div><div class=\"fusion-clearfix\"><\/div><\/div><\/div><\/div><\/div><\/p>\n","protected":false},"excerpt":{"rendered":"","protected":false},"author":4,"featured_media":16570,"parent":0,"menu_order":0,"comment_status":"closed","ping_status":"closed","template":"","meta":{"footnotes":""},"class_list":["post-16462","page","type-page","status-publish","has-post-thumbnail","hentry"],"_links":{"self":[{"href":"https:\/\/elisabethkastanakis.com\/index.php?rest_route=\/wp\/v2\/pages\/16462","targetHints":{"allow":["GET"]}}],"collection":[{"href":"https:\/\/elisabethkastanakis.com\/index.php?rest_route=\/wp\/v2\/pages"}],"about":[{"href":"https:\/\/elisabethkastanakis.com\/index.php?rest_route=\/wp\/v2\/types\/page"}],"author":[{"embeddable":true,"href":"https:\/\/elisabethkastanakis.com\/index.php?rest_route=\/wp\/v2\/users\/4"}],"replies":[{"embeddable":true,"href":"https:\/\/elisabethkastanakis.com\/index.php?rest_route=%2Fwp%2Fv2%2Fcomments&post=16462"}],"version-history":[{"count":21,"href":"https:\/\/elisabethkastanakis.com\/index.php?rest_route=\/wp\/v2\/pages\/16462\/revisions"}],"predecessor-version":[{"id":18573,"href":"https:\/\/elisabethkastanakis.com\/index.php?rest_route=\/wp\/v2\/pages\/16462\/revisions\/18573"}],"wp:featuredmedia":[{"embeddable":true,"href":"https:\/\/elisabethkastanakis.com\/index.php?rest_route=\/wp\/v2\/media\/16570"}],"wp:attachment":[{"href":"https:\/\/elisabethkastanakis.com\/index.php?rest_route=%2Fwp%2Fv2%2Fmedia&parent=16462"}],"curies":[{"name":"wp","href":"https:\/\/api.w.org\/{rel}","templated":true}]}}