{"id":15385,"date":"2018-04-13T20:47:42","date_gmt":"2018-04-13T20:47:42","guid":{"rendered":"https:\/\/elisabethkastanakis.com\/?page_id=15385"},"modified":"2019-07-31T10:01:40","modified_gmt":"2019-07-31T10:01:40","slug":"sensual-dance","status":"publish","type":"page","link":"https:\/\/elisabethkastanakis.com\/?page_id=15385&lang=de","title":{"rendered":"Die Heilende Umarmung des Kizomba"},"content":{"rendered":"<p><div class=\"fusion-fullwidth fullwidth-box fusion-builder-row-1 hundred-percent-fullwidth non-hundred-percent-height-scrolling\" style=\"background-color: rgba(255,255,255,0);background-position: center center;background-repeat: no-repeat;padding-top:0px;padding-right:0px;padding-bottom:0px;padding-left:0px;margin-bottom: 10px;margin-top: 10px;border-width: 0px 0px 0px 0px;border-color:#3e3e3e;border-style:solid;\" ><div class=\"fusion-builder-row fusion-row\"><div class=\"fusion-layout-column fusion_builder_column fusion-builder-column-0 fusion_builder_column_1_1 1_1 fusion-one-full fusion-column-first fusion-column-last fusion-column-no-min-height\" style=\"margin-top:0px;margin-bottom:0px;\"><div class=\"fusion-column-wrapper fusion-flex-column-wrapper-legacy\" style=\"background-position:left top;background-repeat:no-repeat;-webkit-background-size:cover;-moz-background-size:cover;-o-background-size:cover;background-size:cover;padding: 0px 0px 0px 0px;\"><div class=\"fusion-sep-clear\"><\/div><div class=\"fusion-separator fusion-full-width-sep\" style=\"margin-left: auto;margin-right: auto;width:100%;\"><\/div><div class=\"fusion-sep-clear\"><\/div><div class=\"fusion-clearfix\"><\/div><\/div><\/div><\/div><style type=\"text\/css\">.fusion-fullwidth.fusion-builder-row-1 { overflow:visible; }<\/style><\/div><div class=\"fusion-fullwidth fullwidth-box fusion-builder-row-2 hundred-percent-fullwidth non-hundred-percent-height-scrolling\" style=\"background-color: rgba(36,36,36,0);background-position: center center;background-repeat: no-repeat;padding-top:0px;padding-right:0px;padding-bottom:0px;padding-left:0px;margin-bottom: 0px;margin-top: 0px;border-width: 0px 0px 0px 0px;border-color:#3e3e3e;border-style:solid;\" ><div class=\"fusion-builder-row fusion-row\"><div class=\"fusion-layout-column fusion_builder_column fusion-builder-column-1 fusion_builder_column_1_1 1_1 fusion-one-full fusion-column-first fusion-column-last fusion-column-no-min-height\" style=\"margin-top:0px;margin-bottom:0px;\"><div class=\"fusion-column-wrapper fusion-flex-column-wrapper-legacy\" style=\"background-position:left top;background-repeat:no-repeat;-webkit-background-size:cover;-moz-background-size:cover;-o-background-size:cover;background-size:cover;padding: 0px 0px 0px 0px;\"><div class=\"fusion-text fusion-text-1\" style=\"transform:translate3d(0,0,0);\"><div class=\"post-content\">\n<h2>Die Heilende Umarmung des Kizomba&#8230;<\/h2>\n<p><strong>CONNECTION<\/strong>\u00a0(Verbundenheit) ist die Grundlage des <strong>KIZOMBA<\/strong>. Kein Tanz auf der Welt kann zwei Menschen, zwei K\u00f6rper, zwei Seelen so tief verbinden wie <span style=\"color: #ffffff;\"><strong>KIZOMBA<\/strong><\/span>.<\/p>\n<\/div>\n<p>Die m\u00e4chtigen maskulinen und weiblichen Archetypen, die er verlangt, die tiefe Ebene der <strong>Aufmerksamkeit, der Einf\u00fchlung und Hingabe<\/strong>, die er fordert, die sensible <strong>Kommunikation ohne Worte,<\/strong> machen Kizomba f\u00fcr mich zu einer intensiven spirituellen tantrischen Erfahrung.<\/p>\n<p>Wenn mir bewusst wird, dass mir der Mensch, mit dem ich tanze und dem ich vielleicht noch nie zuvor in meinem Leben begegnet bin, die Erlaubnis gibt, in seinen sehr pers\u00f6nlichen Raum einzutreten, werde ich ganz still, um zu lauschen, was seine K\u00f6rperseele mir zu sagen hat \u2026<\/p>\n<p>Kizomba hat nichts damit zu tun, sexy zu wirken, daf\u00fcr aber umso mehr mit <strong>Verbindung, Verschmelzung, Sinnlichkeit, Sensibilit\u00e4t, Vertrauen, Hingabe, Heilung und Ineinander-Verschmelzen<\/strong>. Kein Wunder, dass so viele Menschen danach s\u00fcchtig werden.<\/p>\n<p>Dieser faszinierende Tanz kommt aus Angola, wo die Menschen noch einen viel nat\u00fcrlicheren Zugang zu einer lebendigen K\u00f6rperlichkeit haben, als bei uns in Mitteleuropa.<\/p>\n<p>Nach einigen Jahren des Tanzens empfinde ich Kizomba wie einen Kuss direkt in mein Herz &#8230; dieses sch\u00f6ne Gef\u00fchl, <strong>ein Atem, eine Bewegung, ein Sp\u00fcren, ein Flow zu werden<\/strong>, hat ein L\u00e4cheln in mein Herz gezaubert und eine tiefe Freude in mein Leben gebracht &#8230;<\/p>\n<p>Dieser Tanz hat mich auch deutlich sp\u00fcren lassen, wo ich noch resistent, \u00e4ngstlich und angespannt bin. Er hat mir geholfen, meine falschen mentalen Projektionen, Vorurteile, Erwartungen und Blockaden aufzusp\u00fcren, die mich davon abhalten, so gl\u00fccklich zu sein, wie ich es verdiene. Und er zeigte mir, wie ich endlich <strong>all meine Sorgen loslassen, mich v\u00f6llig entspannen und den Augenblick dankbar genie\u00dfen<\/strong> kann.<\/p>\n<p>All diese spannenden Aspekte des Kizomba sind Qualit\u00e4ten, die wir auch im alten Weisheitspfad des Tantrismus finden und kultivieren. Und so habe ich mich entschlossen, Kizomba in meine Tantra-Yoga-Seminare aufzunehmen, die ich in ganz Europa anleite.<\/p>\n<p>Es gibt nur wenige Dinge, die mehr heilen als eine wirklich warmherzige Umarmung &#8211; in welcher Form auch immer.<br \/>\nDie begl\u00fcckenden Umarmungen des Kizomba &amp; des Tantra haben es mir und tausenden anderen Menschen erm\u00f6glicht, uns selbst und unseren K\u00f6rper besser kennen zu lernen, uns auf einer sehr tiefen Ebene miteinander zu verbinden und einfach mehr <strong>Frieden, Liebe und Ber\u00fchrung<\/strong> in diese Welt, die dies dringend ben\u00f6tigt, zu bringen&#8230;<\/p>\n<p>Ein langer und herzlicher Kizhug\u00a0 &#x1f496;<br \/>\nEure Elisabeth<\/p>\n<\/div><div class=\"fusion-sep-clear\"><\/div><div class=\"fusion-separator fusion-full-width-sep\" style=\"margin-left: auto;margin-right: auto;width:100%;\"><div class=\"fusion-separator-border sep-double sep-solid\" style=\"border-color:#3e3e3e;border-top-width:1px;border-bottom-width:1px;\"><\/div><\/div><div class=\"fusion-sep-clear\"><\/div><div class=\"fusion-video fusion-youtube align:center\" style=\"max-width:px;max-height:px;\"><div class=\"video-shortcode\"><iframe title=\"YouTube video player\" src=\"https:\/\/www.youtube.com\/embed\/1eqz-th5fJk?wmode=transparent&autoplay=0\" width=\"\" height=\"\" allowfullscreen allow=\"autoplay; fullscreen\"><\/iframe><\/div><\/div><div class=\"fusion-text fusion-text-2\" style=\"transform:translate3d(0,0,0);\"><p>&nbsp;<\/p>\n<\/div><div class=\"fusion-video fusion-youtube\" style=\"max-width:px;max-height:px;\"><div class=\"video-shortcode\"><iframe title=\"YouTube video player\" src=\"https:\/\/www.youtube.com\/embed\/LoHyhwscV6I?wmode=transparent&autoplay=0\" width=\"\" height=\"\" allowfullscreen allow=\"autoplay; fullscreen\"><\/iframe><\/div><\/div><div class=\"fusion-clearfix\"><\/div><\/div><\/div><\/div><\/div><\/p>\n","protected":false},"excerpt":{"rendered":"","protected":false},"author":4,"featured_media":15418,"parent":0,"menu_order":0,"comment_status":"open","ping_status":"closed","template":"","meta":{"footnotes":""},"class_list":["post-15385","page","type-page","status-publish","has-post-thumbnail","hentry"],"_links":{"self":[{"href":"https:\/\/elisabethkastanakis.com\/index.php?rest_route=\/wp\/v2\/pages\/15385","targetHints":{"allow":["GET"]}}],"collection":[{"href":"https:\/\/elisabethkastanakis.com\/index.php?rest_route=\/wp\/v2\/pages"}],"about":[{"href":"https:\/\/elisabethkastanakis.com\/index.php?rest_route=\/wp\/v2\/types\/page"}],"author":[{"embeddable":true,"href":"https:\/\/elisabethkastanakis.com\/index.php?rest_route=\/wp\/v2\/users\/4"}],"replies":[{"embeddable":true,"href":"https:\/\/elisabethkastanakis.com\/index.php?rest_route=%2Fwp%2Fv2%2Fcomments&post=15385"}],"version-history":[{"count":16,"href":"https:\/\/elisabethkastanakis.com\/index.php?rest_route=\/wp\/v2\/pages\/15385\/revisions"}],"predecessor-version":[{"id":16705,"href":"https:\/\/elisabethkastanakis.com\/index.php?rest_route=\/wp\/v2\/pages\/15385\/revisions\/16705"}],"wp:featuredmedia":[{"embeddable":true,"href":"https:\/\/elisabethkastanakis.com\/index.php?rest_route=\/wp\/v2\/media\/15418"}],"wp:attachment":[{"href":"https:\/\/elisabethkastanakis.com\/index.php?rest_route=%2Fwp%2Fv2%2Fmedia&parent=15385"}],"curies":[{"name":"wp","href":"https:\/\/api.w.org\/{rel}","templated":true}]}}