{"id":12233,"date":"2016-05-07T00:32:05","date_gmt":"2016-05-07T00:32:05","guid":{"rendered":"https:\/\/elisabethkastanakis.com\/blogblog\/touching-deeply\/?lang=de"},"modified":"2020-09-22T09:43:14","modified_gmt":"2020-09-22T09:43:14","slug":"die-goettliche-beruehrung","status":"publish","type":"page","link":"https:\/\/elisabethkastanakis.com\/?page_id=12233&lang=de","title":{"rendered":"Die G\u00f6ttliche Ber\u00fchrung"},"content":{"rendered":"<p><div class=\"fusion-fullwidth fullwidth-box fusion-builder-row-1 hundred-percent-fullwidth non-hundred-percent-height-scrolling\" style=\"background-color: rgba(255,255,255,0);background-position: center center;background-repeat: no-repeat;padding-top:0px;padding-right:0px;padding-bottom:0px;padding-left:0px;margin-bottom: 10px;margin-top: 10px;border-width: 0px 0px 0px 0px;border-color:#3e3e3e;border-style:solid;\" ><div class=\"fusion-builder-row fusion-row\"><div class=\"fusion-layout-column fusion_builder_column fusion-builder-column-0 fusion_builder_column_1_1 1_1 fusion-one-full fusion-column-first fusion-column-last fusion-column-no-min-height\" style=\"margin-top:0px;margin-bottom:0px;\"><div class=\"fusion-column-wrapper fusion-flex-column-wrapper-legacy\" style=\"background-position:left top;background-repeat:no-repeat;-webkit-background-size:cover;-moz-background-size:cover;-o-background-size:cover;background-size:cover;padding: 0px 0px 0px 0px;\"><div class=\"fusion-sep-clear\"><\/div><div class=\"fusion-separator fusion-full-width-sep\" style=\"margin-left: auto;margin-right: auto;width:100%;\"><\/div><div class=\"fusion-sep-clear\"><\/div><div class=\"fusion-clearfix\"><\/div><\/div><\/div><\/div><style type=\"text\/css\">.fusion-fullwidth.fusion-builder-row-1 { overflow:visible; }<\/style><\/div><div class=\"fusion-fullwidth fullwidth-box fusion-builder-row-2 hundred-percent-fullwidth non-hundred-percent-height-scrolling\" style=\"background-color: rgba(36,36,36,0);background-position: center center;background-repeat: no-repeat;padding-top:0px;padding-right:0px;padding-bottom:0px;padding-left:0px;margin-bottom: 0px;margin-top: 0px;border-width: 0px 0px 0px 0px;border-color:#3e3e3e;border-style:solid;\" ><div class=\"fusion-builder-row fusion-row\"><div class=\"fusion-layout-column fusion_builder_column fusion-builder-column-1 fusion_builder_column_1_1 1_1 fusion-one-full fusion-column-first fusion-column-last fusion-column-no-min-height\" style=\"margin-top:0px;margin-bottom:0px;\"><div class=\"fusion-column-wrapper fusion-flex-column-wrapper-legacy\" style=\"background-position:left top;background-repeat:no-repeat;-webkit-background-size:cover;-moz-background-size:cover;-o-background-size:cover;background-size:cover;padding: 0px 0px 0px 0px;\"><div class=\"fusion-text fusion-text-1\" style=\"transform:translate3d(0,0,0);\"><h2>Der Zauber der Tantrischen Kaschmir &#8211; Massage<strong><br \/>\n<\/strong><\/h2>\n<p>Die alten Tantrischen Meister haben die Menschen genau studiert und m\u00e4chtige, heilsame Praktiken entwickelt, die in unserer modernen, atemlosen Zeit aktueller sind denn je&#8230;<\/p>\n<p>Eine davon ist die<strong> KASCHMIR &#8211; MASSAGE, <\/strong>die \u00a0eigentlich keine Massage ist, wie wir sie kennen, sondern eine der faszinierendsten, begl\u00fcckendsten und transformierensten Meditationen zu Zweit, aus der Tantrischen Tradition des Kaschmirischen Shivaismus Nordindiens. Sie \u00f6ffnet unser Herz und l\u00e4sst es wie eine Blume aufbl\u00fchen und sie f\u00fchrt uns aus der Dualit\u00e4t, den Gegens\u00e4tzen, dem schmerzhaften (ab)getrennt Sein, in die EINHEIT und in eine tiefe INTIMIT\u00c4T mit uns selbst, unserem Partner und dem ganzen Kosmos.<\/p>\n<p>Durch DIESE TANTRISCHE KUNST k\u00f6nnen wir wieder bewusst mit unserer G\u00d6TTLICHEN GANZHEIT in Ber\u00fchrung kommen, unseren g\u00f6ttlichen Funken sp\u00fcren und spr\u00fchen lassen und zu unserer eigenen EVOLUTION und die der Welt um uns beitragen.<\/p>\n<h5><strong>Sie ist eines der gr\u00f6\u00dften Geschenke, das wir einem Menschen machen k\u00f6nnen\u2026 die zweitsch\u00f6nste Sache der Welt ;-)&#8230;<\/strong><\/h5>\n<h3><strong>TANDAVA &#8211; DER TANZ MIT DEM KOSMOS&#8230;<\/strong><\/h3>\n<p>&#8230; ist die GRUNDLAGE der Kaschmir &#8211; Massage, die nichts anderes ist als Tandava mit der Seele und auf dem K\u00f6rper eines Partners.<br \/>\nDurch das Praktizieren dieser bewegten Meditation lernen wir Qualit\u00e4ten wie mentale Stille und entspannte Gelassenheit, Pr\u00e4senz, erh\u00f6htes K\u00f6rperbewusstsein, Hingabe an unsere Empfindungen, das Spiel mit unserer Atemenergie, die Aktivierung der Kraft aus dem Becken, die geschmeidigen Bewegungen des Tigers und die Kommunikation mit dem Raum, dem morphogentischen Feld, aus dem alles entsteht.<br \/>\nAll das und vieles mehr macht es uns erst m\u00f6glich, die MYSTISCHE ESSENZ \u00a0der Kaschmir &#8211; Massage wirklich zu begreifen.<\/p>\n<\/div><div class=\"fusion-video fusion-youtube\" style=\"max-width:550px;max-height:309px;\"><div class=\"video-shortcode\"><iframe title=\"YouTube video player\" src=\"https:\/\/www.youtube.com\/embed\/TQT_ZMch1Hs?wmode=transparent&autoplay=0\" width=\"550\" height=\"309\" allowfullscreen allow=\"autoplay; fullscreen\"><\/iframe><\/div><\/div><div class=\"fusion-sep-clear\"><\/div><div class=\"fusion-separator fusion-full-width-sep\" style=\"margin-left: auto;margin-right: auto;margin-bottom:20px;width:100%;\"><\/div><div class=\"fusion-sep-clear\"><\/div><div class=\"fusion-text fusion-text-2\" style=\"transform:translate3d(0,0,0);\"><h3>KOSMISCHE K\u00d6RPER<\/h3>\n<p>Die Kommunikation durch Ber\u00fchrung\u00a0 ist viel tiefer und intimer, als Worte es jemals sein k\u00f6nnen. Das kommt daher, weil wir kosmische K\u00f6rper haben, die mit der ganzen Weisheit des Universums ausgestattet sind\u2026<\/p>\n<p>Zu ber\u00fchren und ber\u00fchrt zu werden, geh\u00f6rt zu den Grundbed\u00fcrfnissen eines jeden Menschen. Ohne ber\u00fchrt zu werden, verhungert unsere Seele, erstarrt unser K\u00f6rper und verschlie\u00dft sich unser Herz. Leider leben wir in einer Gesellschaft, die von Ber\u00fchrungsangst gepr\u00e4gt ist. Nur nicht zu nahe kommen, ist unser Motto und wenn doch, dann meistens mit eindeutig sexueller Absicht.<\/p>\n<h3><\/h3>\n<\/div><div class=\"fusion-video fusion-youtube\" style=\"max-width:550px;max-height:309px;\"><div class=\"video-shortcode\"><iframe title=\"YouTube video player\" src=\"https:\/\/www.youtube.com\/embed\/a3Q6N_5MBjE?wmode=transparent&autoplay=0\" width=\"550\" height=\"309\" allowfullscreen allow=\"autoplay; fullscreen\"><\/iframe><\/div><\/div><div class=\"fusion-text fusion-text-3\" style=\"transform:translate3d(0,0,0);\"><h3>KOMMUNIKATION VON HERZ ZU HERZ<\/h3>\n<p>Eine Kaschmir &#8211; Massage zu geben hei\u00dft, ohne jede Absicht, achtsam und liebevoll, in totaler Pr\u00e4senz mit dem anderen zu kommunizieren und ihm unsere uneingeschr\u00e4nkte Bewunderung f\u00fcr das, was er ist, f\u00fchlen zu lassen.<\/p>\n<p>Wir ber\u00fchren nicht nur die Haut und den K\u00f6rper eines Menschen,\u00a0 sondern auch sein Herz, seine Seele und die tiefsten Ebenen seines Seins.<\/p>\n<h3>VON DER ANGST IN DIE ABSOLUTE LIEBE<\/h3>\n<p>Wenn wir\u00a0 mit empfindsamen, einf\u00fchlsamen H\u00e4nden und unserem ganzen K\u00f6rper die Bed\u00fcrfnisse des anderen ersp\u00fcren und erlauschen &#8211;\u00a0 auch die Hilfeschreie seiner verletzlichen K\u00f6rperseele &#8211;\u00a0 kann er nach und nach seine Blockaden, \u00c4ngste und verdr\u00e4ngten Gef\u00fchle los lassen,\u00a0 endlich aufh\u00f6ren sich zu panzern und zu k\u00e4mpfen und sich dem grenzenlosen Wohlgef\u00fchl des uneingeschr\u00e4nkten Angenommen-Seins, der Geborgenheit und einem tiefen Vertrauen hingeben, das ihn seine Ganzheit erahnen l\u00e4sst und\u00a0 sein Herz der absoluten Liebe \u00f6ffnet.<\/p>\n<p>So zu ber\u00fchren hei\u00dft letztlich, eins zu werden mit dem Ber\u00fchrten und das ganze Universum in unseren H\u00e4nden, unserem K\u00f6rper zu sp\u00fcren, mit unserem Bewusstsein das G\u00f6ttliche zu ertasten und somit mit der Natur des eigenen Geistes zu kommunizieren.<\/p>\n<\/div><span class=\" fusion-imageframe imageframe-none imageframe-1 hover-type-none\"><img decoding=\"async\" width=\"225\" height=\"300\" title=\"69549674_2409169709363440_7658152986299858944_n\" src=\"https:\/\/elisabethkastanakis.com\/wp-content\/uploads\/2019\/09\/69549674_2409169709363440_7658152986299858944_n-225x300.jpg\" class=\"img-responsive wp-image-16742\" srcset=\"https:\/\/elisabethkastanakis.com\/wp-content\/uploads\/2019\/09\/69549674_2409169709363440_7658152986299858944_n-200x267.jpg 200w, https:\/\/elisabethkastanakis.com\/wp-content\/uploads\/2019\/09\/69549674_2409169709363440_7658152986299858944_n-400x533.jpg 400w, https:\/\/elisabethkastanakis.com\/wp-content\/uploads\/2019\/09\/69549674_2409169709363440_7658152986299858944_n-600x800.jpg 600w, https:\/\/elisabethkastanakis.com\/wp-content\/uploads\/2019\/09\/69549674_2409169709363440_7658152986299858944_n-800x1067.jpg 800w, https:\/\/elisabethkastanakis.com\/wp-content\/uploads\/2019\/09\/69549674_2409169709363440_7658152986299858944_n.jpg 1200w\" sizes=\"(max-width: 800px) 100vw, 225px\" \/><\/span><span class=\" fusion-imageframe imageframe-none imageframe-2 hover-type-none\"><img decoding=\"async\" width=\"225\" height=\"300\" title=\"72746310_436716110598833_2307362319534915584_n\" src=\"https:\/\/elisabethkastanakis.com\/wp-content\/uploads\/2019\/10\/72746310_436716110598833_2307362319534915584_n-225x300.jpg\" class=\"img-responsive wp-image-16790\" srcset=\"https:\/\/elisabethkastanakis.com\/wp-content\/uploads\/2019\/10\/72746310_436716110598833_2307362319534915584_n-200x267.jpg 200w, https:\/\/elisabethkastanakis.com\/wp-content\/uploads\/2019\/10\/72746310_436716110598833_2307362319534915584_n-400x533.jpg 400w, https:\/\/elisabethkastanakis.com\/wp-content\/uploads\/2019\/10\/72746310_436716110598833_2307362319534915584_n.jpg 540w\" sizes=\"(max-width: 800px) 100vw, 225px\" \/><\/span><span class=\" fusion-imageframe imageframe-none imageframe-3 hover-type-none\"><img decoding=\"async\" width=\"225\" height=\"300\" title=\"70168751_1247047068828949_3206118418457559040_n\" src=\"https:\/\/elisabethkastanakis.com\/wp-content\/uploads\/2019\/09\/70168751_1247047068828949_3206118418457559040_n-225x300.jpg\" class=\"img-responsive wp-image-16744\" srcset=\"https:\/\/elisabethkastanakis.com\/wp-content\/uploads\/2019\/09\/70168751_1247047068828949_3206118418457559040_n-200x267.jpg 200w, https:\/\/elisabethkastanakis.com\/wp-content\/uploads\/2019\/09\/70168751_1247047068828949_3206118418457559040_n-400x533.jpg 400w, https:\/\/elisabethkastanakis.com\/wp-content\/uploads\/2019\/09\/70168751_1247047068828949_3206118418457559040_n-600x800.jpg 600w, https:\/\/elisabethkastanakis.com\/wp-content\/uploads\/2019\/09\/70168751_1247047068828949_3206118418457559040_n-800x1067.jpg 800w, https:\/\/elisabethkastanakis.com\/wp-content\/uploads\/2019\/09\/70168751_1247047068828949_3206118418457559040_n.jpg 1200w\" sizes=\"(max-width: 800px) 100vw, 225px\" \/><\/span><span class=\" fusion-imageframe imageframe-none imageframe-4 hover-type-none\"><img decoding=\"async\" width=\"180\" height=\"300\" title=\"69265371_607226299802001_6184206560630145024_n\" src=\"https:\/\/elisabethkastanakis.com\/wp-content\/uploads\/2019\/09\/69265371_607226299802001_6184206560630145024_n-180x300.jpg\" class=\"img-responsive wp-image-16746\" srcset=\"https:\/\/elisabethkastanakis.com\/wp-content\/uploads\/2019\/09\/69265371_607226299802001_6184206560630145024_n-200x333.jpg 200w, https:\/\/elisabethkastanakis.com\/wp-content\/uploads\/2019\/09\/69265371_607226299802001_6184206560630145024_n-400x667.jpg 400w, https:\/\/elisabethkastanakis.com\/wp-content\/uploads\/2019\/09\/69265371_607226299802001_6184206560630145024_n-600x1000.jpg 600w, https:\/\/elisabethkastanakis.com\/wp-content\/uploads\/2019\/09\/69265371_607226299802001_6184206560630145024_n-800x1333.jpg 800w, https:\/\/elisabethkastanakis.com\/wp-content\/uploads\/2019\/09\/69265371_607226299802001_6184206560630145024_n.jpg 960w\" sizes=\"(max-width: 800px) 100vw, 180px\" \/><\/span><span class=\" fusion-imageframe imageframe-none imageframe-5 hover-type-none\"><img decoding=\"async\" width=\"225\" height=\"300\" title=\"69729546_2331096873887158_1141367741932896256_n\" src=\"https:\/\/elisabethkastanakis.com\/wp-content\/uploads\/2019\/09\/69729546_2331096873887158_1141367741932896256_n-225x300.jpg\" class=\"img-responsive wp-image-16748\" srcset=\"https:\/\/elisabethkastanakis.com\/wp-content\/uploads\/2019\/09\/69729546_2331096873887158_1141367741932896256_n-200x267.jpg 200w, https:\/\/elisabethkastanakis.com\/wp-content\/uploads\/2019\/09\/69729546_2331096873887158_1141367741932896256_n-400x533.jpg 400w, https:\/\/elisabethkastanakis.com\/wp-content\/uploads\/2019\/09\/69729546_2331096873887158_1141367741932896256_n-600x800.jpg 600w, https:\/\/elisabethkastanakis.com\/wp-content\/uploads\/2019\/09\/69729546_2331096873887158_1141367741932896256_n.jpg 720w\" sizes=\"(max-width: 800px) 100vw, 225px\" \/><\/span><div class=\"fusion-clearfix\"><\/div><\/div><\/div><\/div><\/div><\/p>\n","protected":false},"excerpt":{"rendered":"","protected":false},"author":4,"featured_media":15036,"parent":0,"menu_order":0,"comment_status":"open","ping_status":"closed","template":"","meta":{"footnotes":""},"class_list":["post-12233","page","type-page","status-publish","has-post-thumbnail","hentry"],"_links":{"self":[{"href":"https:\/\/elisabethkastanakis.com\/index.php?rest_route=\/wp\/v2\/pages\/12233","targetHints":{"allow":["GET"]}}],"collection":[{"href":"https:\/\/elisabethkastanakis.com\/index.php?rest_route=\/wp\/v2\/pages"}],"about":[{"href":"https:\/\/elisabethkastanakis.com\/index.php?rest_route=\/wp\/v2\/types\/page"}],"author":[{"embeddable":true,"href":"https:\/\/elisabethkastanakis.com\/index.php?rest_route=\/wp\/v2\/users\/4"}],"replies":[{"embeddable":true,"href":"https:\/\/elisabethkastanakis.com\/index.php?rest_route=%2Fwp%2Fv2%2Fcomments&post=12233"}],"version-history":[{"count":57,"href":"https:\/\/elisabethkastanakis.com\/index.php?rest_route=\/wp\/v2\/pages\/12233\/revisions"}],"predecessor-version":[{"id":17447,"href":"https:\/\/elisabethkastanakis.com\/index.php?rest_route=\/wp\/v2\/pages\/12233\/revisions\/17447"}],"wp:featuredmedia":[{"embeddable":true,"href":"https:\/\/elisabethkastanakis.com\/index.php?rest_route=\/wp\/v2\/media\/15036"}],"wp:attachment":[{"href":"https:\/\/elisabethkastanakis.com\/index.php?rest_route=%2Fwp%2Fv2%2Fmedia&parent=12233"}],"curies":[{"name":"wp","href":"https:\/\/api.w.org\/{rel}","templated":true}]}}