{"id":12224,"date":"2016-05-07T00:19:13","date_gmt":"2016-05-07T00:19:13","guid":{"rendered":"https:\/\/elisabethkastanakis.com\/blogblog\/viennese-tantra-nights\/?lang=de"},"modified":"2025-11-01T08:24:39","modified_gmt":"2025-11-01T08:24:39","slug":"der-tantrische-kuss","status":"publish","type":"page","link":"https:\/\/elisabethkastanakis.com\/?page_id=12224&lang=de","title":{"rendered":"Maithuna &#8211; Die Tantrische Sexuelle Vereinigung"},"content":{"rendered":"<p><div class=\"fusion-fullwidth fullwidth-box fusion-builder-row-1 hundred-percent-fullwidth non-hundred-percent-height-scrolling\" style=\"background-color: rgba(255,255,255,0);background-position: center center;background-repeat: no-repeat;padding-top:0px;padding-right:0px;padding-bottom:0px;padding-left:0px;margin-bottom: 10px;margin-top: 10px;border-width: 0px 0px 0px 0px;border-color:#3e3e3e;border-style:solid;\" ><div class=\"fusion-builder-row fusion-row\"><div class=\"fusion-layout-column fusion_builder_column fusion-builder-column-0 fusion_builder_column_1_1 1_1 fusion-one-full fusion-column-first fusion-column-last fusion-column-no-min-height\" style=\"margin-top:0px;margin-bottom:0px;\"><div class=\"fusion-column-wrapper fusion-flex-column-wrapper-legacy\" style=\"background-position:left top;background-repeat:no-repeat;-webkit-background-size:cover;-moz-background-size:cover;-o-background-size:cover;background-size:cover;padding: 0px 0px 0px 0px;\"><div class=\"fusion-sep-clear\"><\/div><div class=\"fusion-separator fusion-full-width-sep\" style=\"margin-left: auto;margin-right: auto;width:100%;\"><\/div><div class=\"fusion-sep-clear\"><\/div><div class=\"fusion-clearfix\"><\/div><\/div><\/div><\/div><style type=\"text\/css\">.fusion-fullwidth.fusion-builder-row-1 { overflow:visible; }<\/style><\/div><div class=\"fusion-fullwidth fullwidth-box fusion-builder-row-2 hundred-percent-fullwidth non-hundred-percent-height-scrolling\" style=\"background-color: rgba(36,36,36,0);background-position: center center;background-repeat: no-repeat;padding-top:0px;padding-right:0px;padding-bottom:0px;padding-left:0px;margin-bottom: 0px;margin-top: 0px;border-width: 0px 0px 0px 0px;border-color:#3e3e3e;border-style:solid;\" ><div class=\"fusion-builder-row fusion-row\"><div class=\"fusion-layout-column fusion_builder_column fusion-builder-column-1 fusion_builder_column_1_1 1_1 fusion-one-full fusion-column-first fusion-column-last fusion-column-no-min-height\" style=\"margin-top:0px;margin-bottom:0px;\"><div class=\"fusion-column-wrapper fusion-flex-column-wrapper-legacy\" style=\"background-position:left top;background-repeat:no-repeat;-webkit-background-size:cover;-moz-background-size:cover;-o-background-size:cover;background-size:cover;padding: 0px 0px 0px 0px;\"><div class=\"fusion-text fusion-text-1\" style=\"transform:translate3d(0,0,0);\"><p><strong>MAITHUNA<\/strong>, die rituelle, sexuelle Vereinigung von Shiva, dem \u00a0reinen Bewusstsein \u00a0\u2013 das durch den Lingam symbolisiert wird \u2013 mit\u00a0 Shakti, der (Lebens-)Energie \u2013 die durch die Yoni symbolisiert wird \u2013 ist das geheimste Ritual des gesamten Tantrismus. Es f\u00fchrt uns in das Reich der G\u00d6TTLICHEN EKSTASE und GANZHEIT, die unser wahres und urspr\u00fcngliches Wesen ist. Es wird als &#8220;gro\u00dfe Lust&#8221; des G\u00f6ttlichen bezeichnet und ist der Inbegriff der tantrischen Mystik.<\/p>\n<p>Es ist eine tiefe Begegnung zweier Seelen, die gemeinsam die Aufl\u00f6sung des Egos und die Einheit mit ALLEM WAS IST erfahren.<\/p>\n<p>Unser Partner fungiert dabei als wonnevolle Pforte zur Gl\u00fcckseligkeit. Indem wir unsere physischen K\u00f6rper rituell vereinigen, verschmelzen dabei auch auf tiefste Weise unsere Energiek\u00f6rper und wir bekommen \u00a0Zugang zum All-eins, zum Einheitlichen Feld, das das Zuhause unserer unsterblichen Seele ist.<\/p>\n<p>Die gro\u00dfe Kunst ist hierbei eine spezielle Atemweise und Bewegung des Beckens, die richtige Haltung und die F\u00e4higkeit zur totalen Hingabe.<\/p>\n<p>Dann kann das Wunder der Verwandlung beginnen &#8230;<\/p>\n<p><a href=\"https:\/\/elisabethkastanakis.com\/wp-content\/uploads\/2016\/11\/tandava-seminar-wien-06.jpg\"><img decoding=\"async\" class=\"aligncenter wp-image-13273\" src=\"https:\/\/elisabethkastanakis.com\/wp-content\/uploads\/2016\/11\/tandava-seminar-wien-06.jpg\" width=\"580\" height=\"452\" srcset=\"https:\/\/elisabethkastanakis.com\/wp-content\/uploads\/2016\/11\/tandava-seminar-wien-06-200x156.jpg 200w, https:\/\/elisabethkastanakis.com\/wp-content\/uploads\/2016\/11\/tandava-seminar-wien-06-300x234.jpg 300w, https:\/\/elisabethkastanakis.com\/wp-content\/uploads\/2016\/11\/tandava-seminar-wien-06-400x312.jpg 400w, https:\/\/elisabethkastanakis.com\/wp-content\/uploads\/2016\/11\/tandava-seminar-wien-06-600x468.jpg 600w, https:\/\/elisabethkastanakis.com\/wp-content\/uploads\/2016\/11\/tandava-seminar-wien-06-768x598.jpg 768w, https:\/\/elisabethkastanakis.com\/wp-content\/uploads\/2016\/11\/tandava-seminar-wien-06-800x623.jpg 800w, https:\/\/elisabethkastanakis.com\/wp-content\/uploads\/2016\/11\/tandava-seminar-wien-06.jpg 960w\" sizes=\"(max-width: 580px) 100vw, 580px\" \/><\/a><\/p>\n<h2><strong>YAB &#8211; YUM<\/strong><\/h2>\n<p>Yab &#8211; Yum kommt aus dem Tibetischen Tantrismus und bedeutet \u201eVater -Mutter\u201c<br \/>\nEs ist eine Meditationshaltung, die wir ausser in Tibet vor allem im nordindischem Kaschmir, aber auch im Taoismus Chinas und Japans und dem \u00fcbrigen Indien finden k\u00f6nnen.<\/p>\n<p>Es symbolisiert die ESSENZ des Tantrismus und ist ein Metapher f\u00fcr die GROSSE VEREINIGNG, die wir im MAITHUNA &#8211; RITUAL vollziehen.<\/p>\n<p>Die Yab-Yum Position wird aber auch in der <strong>KASCHMIR -MASSAGE<\/strong> und anderen Tantrischen Praktiken angewandt.<\/p>\n<p>Shiva erwartet mich im Lotossitz &#8230;<br \/>\nShakti kommt zu ihm, wenn sie daf\u00fcr bereit ist&#8230;.<\/p>\n<p>Wenn ich beginne, mich in meiner femininen Energie zu ihm hin zu bewegen, kann sich Shivas SOLARPLEXUS und HERZ \u00f6ffnen&#8230;<br \/>\nDurch meine weibliche Energie, ist es leicht f\u00fcr ihn, sich seiner maskulinen Kraft gewahr zu werden&#8230;<br \/>\nShiva findet so in seine VERTIKALIT\u00c4T&#8230;<\/p>\n<p>Ich n\u00e4here mich ihm langsam&#8230;<br \/>\ngeschmeidig wie eine Schlange schlinge ich meine Beine um ihn&#8230;<br \/>\nlasse mich ganz langsam und bewusst auf seinem Schoss nieder&#8230;<br \/>\nUnd schlie\u00dfe den Energiekreis mit meinen F\u00fc\u00dfen an seinem Sakrum&#8230; dem Kopf seiner Schlange&#8230;<\/p>\n<p>Ich bin auf gleicher H\u00f6he mit meinem Shiva&#8230;<br \/>\nZwischen Erde und Himmel&#8230;<br \/>\nHerz an Herz&#8230;<br \/>\nManchmal auch sexuell vereint&#8230;<br \/>\nTrotzdem ist es keine Sex-Position, so wie das im Westen oft angenommen wird&#8230;<\/p>\n<p>Wir atmen gemeinsam&#8230;<br \/>\nUnsere Becken schaukeln sanft&#8230;<br \/>\nUnsere Wirbels\u00e4ulen richten sich wie Kobras auf&#8230;<br \/>\nUnsere Herzen \u00f6ffnen und verbinden sich&#8230;<br \/>\nWir tanzen den ewigen Tanz von Shiva &amp; Shakti&#8230;<\/p>\n<p>Der NON DUALISTISCHE ASPEKT des gesamten Tantrismus findet in Yab-Yum seine Kr\u00f6nung&#8230;<br \/>\nMann-Frau<br \/>\nShiva-Shakti<br \/>\nMaskulin-Feminin<br \/>\nYang-Yin<br \/>\nHimmel-Erde<br \/>\nBewusstheit-Energie<br \/>\nWeisheit- Liebe&#8230;<br \/>\n&#8230;verbinden sich zu einer EINHEIT, einem Ganzen, einer Totalit\u00e4t, die von unserer Gesellschaft gerne getrennt wird&#8230;<\/p>\n<p>Nicht wir erschaffen diese EINHEIT, sie ist schon in uns&#8230; um uns&#8230;<br \/>\nversch\u00fcttet, verborgen in unserem heiligen Tempel&#8230;<br \/>\nEs ist die G\u00d6TTLICHE PR\u00c4SENZ in allem &#8230; die uns bewusst wird&#8230;<br \/>\nSie ist gr\u00f6\u00dfer als wir und wir erlauben ihr endlich, sich auszudr\u00fccken&#8230;<br \/>\nDer Daseins-Kampf, der dem Abgetrennt-Sein entspringt, h\u00f6rt auf&#8230;<br \/>\nWIR KEHREN Z\u00dcR\u00dcCK NACH HAUSE&#8230;<br \/>\nDie G\u00f6tter k\u00f6nnen sich wieder vereinen&#8230;<\/p>\n<\/div><div class=\"fusion-video fusion-youtube fusion-aligncenter\" style=\"max-width:600px;max-height:360px; width:100%\"><div class=\"video-shortcode\"><iframe title=\"YouTube video player\" src=\"https:\/\/www.youtube.com\/embed\/j9knjJLfxUE?wmode=transparent&autoplay=0\" width=\"600\" height=\"360\" allowfullscreen allow=\"autoplay; fullscreen\"><\/iframe><\/div><\/div><div class=\"fusion-sep-clear\"><\/div><div class=\"fusion-separator fusion-full-width-sep\" style=\"margin-left: auto;margin-right: auto;margin-bottom:20px;width:100%;\"><\/div><div class=\"fusion-sep-clear\"><\/div><div class=\"fusion-text fusion-text-2\" style=\"transform:translate3d(0,0,0);\"><p>Wenn im <strong>MAITHUNA-RITUAL<\/strong> Yoni und Lingam und damit Energie und Bewusstsein ineinander verschmelzen, treten wir ein in den Zustand tiefer, stiller Einswerdung. Es ist ein magischer Zustand der allerh\u00f6chsten Verbundenheit, der spirituellen Ekstase, des <strong>SAMADHI<\/strong>.<\/p>\n<p>Dann sind wir kein von der Gesellschaft gepr\u00e4gter Verstandesmechanismus mehr, sondern eine existentielle Kraft. Wir vibrieren mit dem Kosmos in seiner Ganzheit und das ist ein Moment ungeheuren Sch\u00f6pfungspotentials.<\/p>\n<p>In meinen Seminaren und Retreats \u00a0kannst Du Schritt f\u00fcr Schritt die Fertigkeiten und uralten, geheimen Techniken erlernen, die Dir ein erf\u00fcllendes Praktizieren der tantrischen K\u00f6nigsdisziplinen entweder allein, oder mit einem Partner oder auch im Tantrischen Kreis erm\u00f6glichen.<\/p>\n<p>Dein Herz wird sich dann der absoluten Liebe \u00f6ffnen und Wunder werden in Deinem Leben geschehen\u2026 Die Verwandlung Deiner selbst und der Welt um Dich herum, wird dich in Entz\u00fccken versetzen und g\u00f6ttliche Ekstase wird Dein Leben erf\u00fcllen \u2026.<\/p>\n<\/div><div class=\"fusion-sep-clear\"><\/div><div class=\"fusion-separator fusion-full-width-sep\" style=\"margin-left: auto;margin-right: auto;width:100%;\"><div class=\"fusion-separator-border sep-double sep-solid\" style=\"border-color:#3e3e3e;border-top-width:1px;border-bottom-width:1px;\"><\/div><\/div><div class=\"fusion-sep-clear\"><\/div><div class=\"imageframe-align-center\"><span class=\" fusion-imageframe imageframe-none imageframe-1 hover-type-none\"><img decoding=\"async\" width=\"200\" height=\"300\" title=\"divine-bottom-image\" src=\"https:\/\/elisabethkastanakis.com\/wp-content\/uploads\/2019\/09\/divine-bottom-image-200x300.jpg\" class=\"img-responsive wp-image-16752\" srcset=\"https:\/\/elisabethkastanakis.com\/wp-content\/uploads\/2019\/09\/divine-bottom-image-200x300.jpg 200w, https:\/\/elisabethkastanakis.com\/wp-content\/uploads\/2019\/09\/divine-bottom-image.jpg 400w\" sizes=\"(max-width: 800px) 100vw, 200px\" \/><\/span><\/div><div class=\"fusion-clearfix\"><\/div><\/div><\/div><\/div><\/div><\/p>\n","protected":false},"excerpt":{"rendered":"","protected":false},"author":4,"featured_media":17580,"parent":0,"menu_order":0,"comment_status":"open","ping_status":"closed","template":"","meta":{"footnotes":""},"class_list":["post-12224","page","type-page","status-publish","has-post-thumbnail","hentry"],"_links":{"self":[{"href":"https:\/\/elisabethkastanakis.com\/index.php?rest_route=\/wp\/v2\/pages\/12224","targetHints":{"allow":["GET"]}}],"collection":[{"href":"https:\/\/elisabethkastanakis.com\/index.php?rest_route=\/wp\/v2\/pages"}],"about":[{"href":"https:\/\/elisabethkastanakis.com\/index.php?rest_route=\/wp\/v2\/types\/page"}],"author":[{"embeddable":true,"href":"https:\/\/elisabethkastanakis.com\/index.php?rest_route=\/wp\/v2\/users\/4"}],"replies":[{"embeddable":true,"href":"https:\/\/elisabethkastanakis.com\/index.php?rest_route=%2Fwp%2Fv2%2Fcomments&post=12224"}],"version-history":[{"count":34,"href":"https:\/\/elisabethkastanakis.com\/index.php?rest_route=\/wp\/v2\/pages\/12224\/revisions"}],"predecessor-version":[{"id":19238,"href":"https:\/\/elisabethkastanakis.com\/index.php?rest_route=\/wp\/v2\/pages\/12224\/revisions\/19238"}],"wp:featuredmedia":[{"embeddable":true,"href":"https:\/\/elisabethkastanakis.com\/index.php?rest_route=\/wp\/v2\/media\/17580"}],"wp:attachment":[{"href":"https:\/\/elisabethkastanakis.com\/index.php?rest_route=%2Fwp%2Fv2%2Fmedia&parent=12224"}],"curies":[{"name":"wp","href":"https:\/\/api.w.org\/{rel}","templated":true}]}}