{"id":12170,"date":"2016-05-06T11:15:17","date_gmt":"2016-05-06T11:15:17","guid":{"rendered":"https:\/\/elisabethkastanakis.com\/blogblog\/?page_id=12170&#038;lang=de"},"modified":"2020-03-24T10:10:59","modified_gmt":"2020-03-24T10:10:59","slug":"sensual-holidays-de","status":"publish","type":"page","link":"https:\/\/elisabethkastanakis.com\/?page_id=12170&lang=de","title":{"rendered":"Sensual Holidays"},"content":{"rendered":"<p><div class=\"fusion-fullwidth fullwidth-box fusion-builder-row-1 hundred-percent-fullwidth non-hundred-percent-height-scrolling\" style=\"background-color: rgba(255,255,255,0);background-position: center center;background-repeat: no-repeat;padding-top:0px;padding-right:0px;padding-bottom:0px;padding-left:0px;margin-bottom: 0px;margin-top: 0px;border-width: 0px 0px 0px 0px;border-color:#3e3e3e;border-style:solid;\" ><div class=\"fusion-builder-row fusion-row\"><div class=\"fusion-layout-column fusion_builder_column fusion-builder-column-0 fusion_builder_column_1_1 1_1 fusion-one-full fusion-column-first fusion-column-last fusion-column-no-min-height\" style=\"margin-top:0px;margin-bottom:0px;\"><div class=\"fusion-column-wrapper fusion-flex-column-wrapper-legacy\" style=\"background-position:left top;background-repeat:no-repeat;-webkit-background-size:cover;-moz-background-size:cover;-o-background-size:cover;background-size:cover;padding: 0px 0px 0px 0px;\"><div class=\"fusion-sep-clear\"><\/div><div class=\"fusion-separator fusion-full-width-sep\" style=\"margin-left: auto;margin-right: auto;width:100%;\"><\/div><div class=\"fusion-sep-clear\"><\/div><div class=\"fusion-clearfix\"><\/div><\/div><\/div><\/div><style type=\"text\/css\">.fusion-fullwidth.fusion-builder-row-1 { overflow:visible; }<\/style><\/div><div class=\"fusion-fullwidth fullwidth-box fusion-builder-row-2 hundred-percent-fullwidth non-hundred-percent-height-scrolling\" style=\"background-color: rgba(36,36,36,0);background-position: center center;background-repeat: no-repeat;padding-top:0px;padding-right:0px;padding-bottom:0px;padding-left:0px;margin-bottom: 0px;margin-top: 0px;border-width: 0px 0px 0px 0px;border-color:#3e3e3e;border-style:solid;\" ><div class=\"fusion-builder-row fusion-row\"><div class=\"fusion-layout-column fusion_builder_column fusion-builder-column-1 fusion_builder_column_1_1 1_1 fusion-one-full fusion-column-first fusion-column-last fusion-column-no-min-height\" style=\"margin-top:0px;margin-bottom:0px;\"><div class=\"fusion-column-wrapper fusion-flex-column-wrapper-legacy\" style=\"background-position:left top;background-repeat:no-repeat;-webkit-background-size:cover;-moz-background-size:cover;-o-background-size:cover;background-size:cover;padding: 0px 0px 0px 0px;\"><span class=\" fusion-imageframe imageframe-none imageframe-1 hover-type-none\"><img decoding=\"async\" width=\"1920\" height=\"1080\" title=\"logowarm (1920 x 1080)\" src=\"https:\/\/elisabethkastanakis.com\/wp-content\/uploads\/2016\/05\/logowarm-1920-x-1080.jpg\" class=\"img-responsive wp-image-14831\" srcset=\"https:\/\/elisabethkastanakis.com\/wp-content\/uploads\/2016\/05\/logowarm-1920-x-1080-200x113.jpg 200w, https:\/\/elisabethkastanakis.com\/wp-content\/uploads\/2016\/05\/logowarm-1920-x-1080-400x225.jpg 400w, https:\/\/elisabethkastanakis.com\/wp-content\/uploads\/2016\/05\/logowarm-1920-x-1080-600x338.jpg 600w, https:\/\/elisabethkastanakis.com\/wp-content\/uploads\/2016\/05\/logowarm-1920-x-1080-800x450.jpg 800w, https:\/\/elisabethkastanakis.com\/wp-content\/uploads\/2016\/05\/logowarm-1920-x-1080-1200x675.jpg 1200w, https:\/\/elisabethkastanakis.com\/wp-content\/uploads\/2016\/05\/logowarm-1920-x-1080.jpg 1920w\" sizes=\"(max-width: 800px) 100vw, 1920px\" \/><\/span><div class=\"fusion-sep-clear\"><\/div><div class=\"fusion-separator fusion-full-width-sep\" style=\"margin-left: auto;margin-right: auto;margin-bottom:40px;width:100%;\"><\/div><div class=\"fusion-sep-clear\"><\/div><style type=\"text\/css\"><\/style><div class=\"fusion-title title fusion-title-1 fusion-title-center fusion-title-text fusion-title-size-one\" style=\"margin-top:0px;margin-bottom:30px;\"><div class=\"title-sep-container title-sep-container-left\"><div class=\"title-sep sep-double sep-solid\" style=\"border-color:rgba(62,62,62,0);\"><\/div><\/div><h1 class=\"title-heading-center\" style=\"margin:0;\"><p><span style=\"color: #dd9933;\">&#8230; die Ultimative Sinnliche Erfahrung<br \/>\n<\/span><\/p><\/h1><div class=\"title-sep-container title-sep-container-right\"><div class=\"title-sep sep-double sep-solid\" style=\"border-color:rgba(62,62,62,0);\"><\/div><\/div><\/div><div class=\"fusion-sep-clear\"><\/div><div class=\"fusion-separator fusion-full-width-sep\" style=\"margin-left: auto;margin-right: auto;margin-bottom:15px;width:100%;\"><\/div><div class=\"fusion-sep-clear\"><\/div><div class=\"fusion-sep-clear\"><\/div><div class=\"fusion-separator fusion-full-width-sep\" style=\"margin-left: auto;margin-right: auto;margin-bottom:15px;width:100%;\"><\/div><div class=\"fusion-sep-clear\"><\/div><div class=\"fusion-text fusion-text-1\" style=\"transform:translate3d(0,0,0);\"><p>Seit mehr als zwanzig Jahren genie\u00dfe ich das Privileg, in Griechenland leben und seine zauberhafte Natur, seine unbeschwerte s\u00fcdl\u00e4ndische Mentalit\u00e4t und seine einzigartigen Kultursch\u00e4tze genie\u00dfen zu d\u00fcrfen.<\/p>\n<p>Es ist meine zweite Heimat geworden&#8230; vielleicht auch deshalb, weil es das einzige Land Europas ist, in dem im Altertum der Tantrismus verbreitet war&#8230;.<br \/>\nEs gibt kaum einen antiken tantrischen Tempel in Indien, an dem nicht griechische K\u00fcnstler und Baumeister ihre Hand angelegt hatten&#8230;<br \/>\nUnd diese K\u00fcnstler haben dann die Tantrische Philosophie in ihre Heimat mitgebracht.<\/p>\n<p><span style=\"color: #ffffff;\"><strong>DER OLYMP &#8211; EUROPAS HEILIGER BERG<\/strong><\/span><br \/>\nDie kraftvolle Energie und die mystische Sch\u00f6nheit des Olymp, des h\u00f6chsten Berges Griechenlands, zieht Jahr f\u00fcr Jahr unz\u00e4hlige Menschen an. Er war schon immer der legend\u00e4re Sitz der G\u00f6tter&#8230; majest\u00e4tisch und sagenumwoben&#8230;<br \/>\nEr ist der heilige Berg Europas, genau so wie der Berg Kailash &#8211; die Heimst\u00e4tte Shivas &#8211; den Asiaten heilig ist.<\/p>\n<p>Das Mittelmeer, das ihn sanft umsp\u00fclt, hat schon immer eine gro\u00dfe Rolle in den alten mystischen Traditionen gespielt: die Adepten bekamen in seinen Gew\u00e4ssern von den Priesterinnen ihre letzte, gro\u00dfe Einweihung&#8230;<\/p>\n<p><span style=\"color: #ffffff;\"><strong>EINE VISION WIRD WIRKLICHKEIT<\/strong><\/span><br \/>\nUnter diesen Voraussetzungen ist es nur allzu verst\u00e4ndlich, dass ich seit Jahren eine Vision hege: Gastgeberin zu sein in diesem magisch sch\u00f6nem Land&#8230; f\u00fcr alle Menschen, die nicht nur unvergessliche Ferien, sondern auch einzigartige spirituelle und sinnliche Erfahrungen machen wollen&#8230; um mit ihnen meine Liebe zu Griechenland, aber auch zum authentischen Tantrismus und zum Tanz zu teilen&#8230;<\/p>\n<p>Ich bin unendlich gl\u00fccklich, dass ich am Fu\u00dfe des Olymp, direkt am t\u00fcrkisblauen Meer mit seinen weitl\u00e4ufigen Sandstr\u00e4nden, ein exquisites Boutique- Hotel entdeckt habe, ein Kleinod, wo Ihr Euch rundum wohlf\u00fchlen k\u00f6nnt und das allen Euren Anspr\u00fcchen gerecht wird.<\/p>\n<p>Jenseits vom Massentourismus lade ich Euch ein, gemeinsam mit mir und meinem hochmotivierten Team unter gleichgesinnten Menschen, die Eure Interessen und Leidenschaften teilen, Euch wieder Zeit f\u00fcr Euch selbst zu nehmen, den Alltag loszulassen, Euch intensiv zu erleben und fern der t\u00e4glichen Routine Kraft zu sch\u00f6pfen f\u00fcr K\u00f6rper, Geist und Seele&#8230;<\/p>\n<p>Wir wollen Eure sch\u00f6nsten Tage des Jahres zu einem Erlebnis der besonderen Art gestalten und Euch die M\u00f6glichkeit geben, neue Welten inneren Wachstums und Reichtums zu erschlie\u00dfen, neue Horizonte zu erforschen und diese Erfahrungen dann nach Hause mitzunehmen &#8211; als Impulse und wertvolle Inspirationen, die auch Euren Alltag verwandeln k\u00f6nnen&#8230;<\/p>\n<p>Manchmal m\u00fcssen wir eben in die Ferne reisen, um uns selbst nah zu sein &#x1f609; &#8230;<\/p>\n<\/div><div class=\"fusion-sep-clear\"><\/div><div class=\"fusion-separator fusion-full-width-sep\" style=\"margin-left: auto;margin-right: auto;margin-bottom:40px;width:100%;\"><\/div><div class=\"fusion-sep-clear\"><\/div><div class=\"fusion-video fusion-youtube\" style=\"max-width:800px;max-height:450px;\"><div class=\"video-shortcode\"><iframe title=\"YouTube video player\" src=\"https:\/\/www.youtube.com\/embed\/Trc-jFjIZIE?wmode=transparent&autoplay=0\" width=\"800\" height=\"450\" allowfullscreen allow=\"autoplay; fullscreen\"><\/iframe><\/div><\/div><div class=\"fusion-sep-clear\"><\/div><div class=\"fusion-separator fusion-full-width-sep\" style=\"margin-left: auto;margin-right: auto;margin-bottom:60px;width:100%;\"><\/div><div class=\"fusion-sep-clear\"><\/div><div class=\"fusion-clearfix\"><\/div><\/div><\/div><div class=\"fusion-layout-column fusion_builder_column fusion-builder-column-2 fusion_builder_column_1_1 1_1 fusion-one-full fusion-column-first fusion-column-last fusion-column-no-min-height\" style=\"margin-top:0px;margin-bottom:0px;\"><div class=\"fusion-column-wrapper fusion-flex-column-wrapper-legacy\" style=\"background-position:left top;background-repeat:no-repeat;-webkit-background-size:cover;-moz-background-size:cover;-o-background-size:cover;background-size:cover;padding: 0px 0px 0px 0px;\"><div class=\"fusion-builder-row fusion-builder-row-inner fusion-row\"><div class=\"fusion-layout-column fusion_builder_column_inner fusion-builder-nested-column-0 fusion_builder_column_inner_1_3 1_3 fusion-one-third fusion-column-first\" style=\"width:33.333333333333%;width:calc(33.333333333333% - ( ( 4% + 4% ) * 0.33333333333333 ) );margin-right: 4%;margin-top:0px;margin-bottom:20px;\"><div class=\"fusion-column-wrapper fusion-flex-column-wrapper-legacy\" style=\"background-position:left top;background-repeat:no-repeat;-webkit-background-size:cover;-moz-background-size:cover;-o-background-size:cover;background-size:cover;padding: 0px 0px 0px 0px;\"><div class=\"fusion-video fusion-youtube\" style=\"max-width:600px;max-height:360px;\"><div class=\"video-shortcode\"><iframe title=\"YouTube video player\" src=\"https:\/\/www.youtube.com\/embed\/csPL0v0mFA0?wmode=transparent&autoplay=0\" width=\"600\" height=\"360\" allowfullscreen allow=\"autoplay; fullscreen\"><\/iframe><\/div><\/div><div class=\"fusion-clearfix\"><\/div><\/div><\/div><div class=\"fusion-layout-column fusion_builder_column_inner fusion-builder-nested-column-1 fusion_builder_column_inner_1_3 1_3 fusion-one-third\" style=\"width:33.333333333333%;width:calc(33.333333333333% - ( ( 4% + 4% ) * 0.33333333333333 ) );margin-right: 4%;margin-top:0px;margin-bottom:20px;\"><div class=\"fusion-column-wrapper fusion-flex-column-wrapper-legacy\" style=\"background-position:left top;background-repeat:no-repeat;-webkit-background-size:cover;-moz-background-size:cover;-o-background-size:cover;background-size:cover;padding: 0px 0px 0px 0px;\"><div class=\"fusion-video fusion-youtube\" style=\"max-width:600px;max-height:360px;\"><div class=\"video-shortcode\"><iframe title=\"YouTube video player\" src=\"https:\/\/www.youtube.com\/embed\/9GvdoMeSiSk?wmode=transparent&autoplay=0\" width=\"600\" height=\"360\" allowfullscreen allow=\"autoplay; fullscreen\"><\/iframe><\/div><\/div><div class=\"fusion-clearfix\"><\/div><\/div><\/div><div class=\"fusion-layout-column fusion_builder_column_inner fusion-builder-nested-column-2 fusion_builder_column_inner_1_3 1_3 fusion-one-third fusion-column-last\" style=\"width:33.333333333333%;width:calc(33.333333333333% - ( ( 4% + 4% ) * 0.33333333333333 ) );margin-top:0px;margin-bottom:20px;\"><div class=\"fusion-column-wrapper fusion-flex-column-wrapper-legacy\" style=\"background-position:left top;background-repeat:no-repeat;-webkit-background-size:cover;-moz-background-size:cover;-o-background-size:cover;background-size:cover;padding: 0px 0px 0px 0px;\"><div class=\"fusion-video fusion-youtube\" style=\"max-width:600px;max-height:360px;\"><div class=\"video-shortcode\"><iframe title=\"YouTube video player\" src=\"https:\/\/www.youtube.com\/embed\/ttor6gSmdao?wmode=transparent&autoplay=0\" width=\"600\" height=\"360\" allowfullscreen allow=\"autoplay; fullscreen\"><\/iframe><\/div><\/div><div class=\"fusion-clearfix\"><\/div><\/div><\/div><\/div><div class=\"fusion-clearfix\"><\/div><\/div><\/div><div class=\"fusion-layout-column fusion_builder_column fusion-builder-column-3 fusion_builder_column_1_2 1_2 fusion-one-half fusion-column-first\" style=\"width:50%;width:calc(50% - ( ( 4% ) * 0.5 ) );margin-right: 4%;margin-top:0px;margin-bottom:20px;\"><div class=\"fusion-column-wrapper fusion-flex-column-wrapper-legacy\" style=\"background-position:left top;background-repeat:no-repeat;-webkit-background-size:cover;-moz-background-size:cover;-o-background-size:cover;background-size:cover;padding: 0px 0px 0px 0px;\"><div class=\"fusion-clearfix\"><\/div><\/div><\/div><div class=\"fusion-layout-column fusion_builder_column fusion-builder-column-4 fusion_builder_column_1_2 1_2 fusion-one-half fusion-column-last\" style=\"width:50%;width:calc(50% - ( ( 4% ) * 0.5 ) );margin-top:0px;margin-bottom:20px;\"><div class=\"fusion-column-wrapper fusion-flex-column-wrapper-legacy\" style=\"background-position:left top;background-repeat:no-repeat;-webkit-background-size:cover;-moz-background-size:cover;-o-background-size:cover;background-size:cover;padding: 0px 0px 0px 0px;\"><div class=\"fusion-clearfix\"><\/div><\/div><\/div><\/div><\/div><\/p>\n","protected":false},"excerpt":{"rendered":"","protected":false},"author":4,"featured_media":0,"parent":0,"menu_order":0,"comment_status":"open","ping_status":"closed","template":"","meta":{"footnotes":""},"class_list":["post-12170","page","type-page","status-publish","hentry"],"_links":{"self":[{"href":"https:\/\/elisabethkastanakis.com\/index.php?rest_route=\/wp\/v2\/pages\/12170","targetHints":{"allow":["GET"]}}],"collection":[{"href":"https:\/\/elisabethkastanakis.com\/index.php?rest_route=\/wp\/v2\/pages"}],"about":[{"href":"https:\/\/elisabethkastanakis.com\/index.php?rest_route=\/wp\/v2\/types\/page"}],"author":[{"embeddable":true,"href":"https:\/\/elisabethkastanakis.com\/index.php?rest_route=\/wp\/v2\/users\/4"}],"replies":[{"embeddable":true,"href":"https:\/\/elisabethkastanakis.com\/index.php?rest_route=%2Fwp%2Fv2%2Fcomments&post=12170"}],"version-history":[{"count":48,"href":"https:\/\/elisabethkastanakis.com\/index.php?rest_route=\/wp\/v2\/pages\/12170\/revisions"}],"predecessor-version":[{"id":17117,"href":"https:\/\/elisabethkastanakis.com\/index.php?rest_route=\/wp\/v2\/pages\/12170\/revisions\/17117"}],"wp:attachment":[{"href":"https:\/\/elisabethkastanakis.com\/index.php?rest_route=%2Fwp%2Fv2%2Fmedia&parent=12170"}],"curies":[{"name":"wp","href":"https:\/\/api.w.org\/{rel}","templated":true}]}}